{"id":347,"date":"2023-11-27T10:35:56","date_gmt":"2023-11-27T13:35:56","guid":{"rendered":"https:\/\/colegioecolar.com.br\/?page_id=347"},"modified":"2024-01-13T11:26:17","modified_gmt":"2024-01-13T14:26:17","slug":"sobre-o-colegio-ecolar","status":"publish","type":"page","link":"https:\/\/colegioecolar.com.br\/?page_id=347","title":{"rendered":"Sobre o Col\u00e9gio Ecolar"},"content":{"rendered":"\t\t<div data-elementor-type=\"wp-page\" data-elementor-id=\"347\" class=\"elementor elementor-347\" data-elementor-post-type=\"page\">\n\t\t\t\t<div class=\"elementor-element elementor-element-14e46f8 e-flex e-con-boxed e-con e-parent\" data-id=\"14e46f8\" data-element_type=\"container\" data-settings=\"{&quot;background_background&quot;:&quot;classic&quot;,&quot;content_width&quot;:&quot;boxed&quot;}\" data-core-v316-plus=\"true\">\n\t\t\t\t\t<div class=\"e-con-inner\">\n\t\t\t\t\t<\/div>\n\t\t\t\t<\/div>\n\t\t<div class=\"elementor-element elementor-element-d0f8f15 e-flex e-con-boxed e-con e-parent\" data-id=\"d0f8f15\" data-element_type=\"container\" data-settings=\"{&quot;content_width&quot;:&quot;boxed&quot;}\" data-core-v316-plus=\"true\">\n\t\t\t\t\t<div class=\"e-con-inner\">\n\t\t\t\t<div class=\"elementor-element elementor-element-51d6566 elementor-widget elementor-widget-text-editor\" data-id=\"51d6566\" data-element_type=\"widget\" data-widget_type=\"text-editor.default\">\n\t\t\t\t<div class=\"elementor-widget-container\">\n\t\t\t<style>\/*! elementor - v3.19.0 - 07-02-2024 *\/\n.elementor-widget-text-editor.elementor-drop-cap-view-stacked .elementor-drop-cap{background-color:#69727d;color:#fff}.elementor-widget-text-editor.elementor-drop-cap-view-framed .elementor-drop-cap{color:#69727d;border:3px solid;background-color:transparent}.elementor-widget-text-editor:not(.elementor-drop-cap-view-default) .elementor-drop-cap{margin-top:8px}.elementor-widget-text-editor:not(.elementor-drop-cap-view-default) .elementor-drop-cap-letter{width:1em;height:1em}.elementor-widget-text-editor .elementor-drop-cap{float:left;text-align:center;line-height:1;font-size:50px}.elementor-widget-text-editor .elementor-drop-cap-letter{display:inline-block}<\/style>\t\t\t\t<p>O <strong>Col\u00e9gio Ecolar<\/strong> \u00e9 uma institui\u00e7\u00e3o privada, localizada no munic\u00edpio de Olinda, que acredita na educa\u00e7\u00e3o como um processo de m\u00faltiplas responsabilidades, estabelecendo, atrav\u00e9s do ensino e da filosofia socioconstrutivista, pr\u00e1ticas pedag\u00f3gicas comprometidas com as necessidades sociais e interesses do aluno e da comunidade.<\/p><p>Dentro desta perspectiva, a institui\u00e7\u00e3o busca contribuir com a forma\u00e7\u00e3o de indiv\u00edduos aut\u00f4nomos e cr\u00edticos, com capacidade de argumenta\u00e7\u00e3o s\u00f3lida e de utiliza\u00e7\u00e3o de seus conhecimentos com responsabilidade social, garantindo princ\u00edpios e valores fundamentais de bem-estar, de solidariedade e do respeito.<\/p><p>O objetivo \u00e9 estimular a consci\u00eancia das capacidades, desenvolvendo pessoas aptas a fazerem escolhas e tomarem decis\u00f5es, frente aos desafios de uma sociedade que pretende ser democr\u00e1tica e pluralista.<\/p>\t\t\t\t\t\t<\/div>\n\t\t\t\t<\/div>\n\t\t\t\t\t<\/div>\n\t\t\t\t<\/div>\n\t\t<div class=\"elementor-element elementor-element-dc3b8fe e-flex e-con-boxed e-con e-parent\" data-id=\"dc3b8fe\" data-element_type=\"container\" data-settings=\"{&quot;background_background&quot;:&quot;classic&quot;,&quot;content_width&quot;:&quot;boxed&quot;}\" data-core-v316-plus=\"true\">\n\t\t\t\t\t<div class=\"e-con-inner\">\n\t\t\t\t\t<\/div>\n\t\t\t\t<\/div>\n\t\t<div class=\"elementor-element elementor-element-e081912 e-flex e-con-boxed e-con e-parent\" data-id=\"e081912\" data-element_type=\"container\" data-settings=\"{&quot;content_width&quot;:&quot;boxed&quot;}\" data-core-v316-plus=\"true\">\n\t\t\t\t\t<div class=\"e-con-inner\">\n\t\t\t\t<div class=\"elementor-element elementor-element-cbfa4f6 elementor-widget elementor-widget-text-editor\" data-id=\"cbfa4f6\" data-element_type=\"widget\" data-widget_type=\"text-editor.default\">\n\t\t\t\t<div class=\"elementor-widget-container\">\n\t\t\t\t\t\t\t<p>No compartilhamento com os pares e o ambiente, o col\u00e9gio acredita e usufrui do potencial das din\u00e2micas de grupo (como a troca, a intera\u00e7\u00e3o, a ajuda m\u00fatua, o respeito ao outro, as a\u00e7\u00f5es e empreendimento coletivo), com a certeza de que o que cada indiv\u00edduo conquista \u00e9 proveniente da rela\u00e7\u00e3o de cada um com a diversidade.<\/p><p>Na intencionalidade, busca promover, sob a luz da teoria socioconstrutivista, a forma\u00e7\u00e3o integral dos alunos por meio da constru\u00e7\u00e3o de conhecimentos nos aspectos socioafetivos, formando valores e atitudes.<\/p><p>No projeto educacional do <strong>Col\u00e9gio Ecolar<\/strong> \u00e9 oferecido um ambiente propositivo e estimulante, tendo o professor como intermediador e organizador dos planos pedag\u00f3gicos. Neste espa\u00e7o, em especial da sala de aula, objetivando estimular a curiosidade e explora\u00e7\u00e3o.<\/p>\t\t\t\t\t\t<\/div>\n\t\t\t\t<\/div>\n\t\t\t\t\t<\/div>\n\t\t\t\t<\/div>\n\t\t<div class=\"elementor-element elementor-element-6ac8e81 e-flex e-con-boxed e-con e-parent\" data-id=\"6ac8e81\" data-element_type=\"container\" data-settings=\"{&quot;background_background&quot;:&quot;classic&quot;,&quot;content_width&quot;:&quot;boxed&quot;}\" data-core-v316-plus=\"true\">\n\t\t\t\t\t<div class=\"e-con-inner\">\n\t\t\t\t\t<\/div>\n\t\t\t\t<\/div>\n\t\t\t\t<\/div>\n\t\t","protected":false},"excerpt":{"rendered":"<p>O Col\u00e9gio Ecolar \u00e9 uma institui\u00e7\u00e3o privada, localizada no munic\u00edpio de Olinda, que acredita na educa\u00e7\u00e3o como um processo de m\u00faltiplas responsabilidades, estabelecendo, atrav\u00e9s do ensino e da filosofia socioconstrutivista, pr\u00e1ticas pedag\u00f3gicas comprometidas com as necessidades sociais e interesses do aluno e da comunidade. Dentro desta perspectiva, a institui\u00e7\u00e3o busca contribuir com a forma\u00e7\u00e3o de [&hellip;]<\/p>\n","protected":false},"author":5,"featured_media":61,"parent":0,"menu_order":0,"comment_status":"closed","ping_status":"closed","template":"elementor_header_footer","meta":{"footnotes":""},"class_list":["post-347","page","type-page","status-publish","has-post-thumbnail","hentry"],"_links":{"self":[{"href":"https:\/\/colegioecolar.com.br\/index.php?rest_route=\/wp\/v2\/pages\/347","targetHints":{"allow":["GET"]}}],"collection":[{"href":"https:\/\/colegioecolar.com.br\/index.php?rest_route=\/wp\/v2\/pages"}],"about":[{"href":"https:\/\/colegioecolar.com.br\/index.php?rest_route=\/wp\/v2\/types\/page"}],"author":[{"embeddable":true,"href":"https:\/\/colegioecolar.com.br\/index.php?rest_route=\/wp\/v2\/users\/5"}],"replies":[{"embeddable":true,"href":"https:\/\/colegioecolar.com.br\/index.php?rest_route=%2Fwp%2Fv2%2Fcomments&post=347"}],"version-history":[{"count":61,"href":"https:\/\/colegioecolar.com.br\/index.php?rest_route=\/wp\/v2\/pages\/347\/revisions"}],"predecessor-version":[{"id":1319,"href":"https:\/\/colegioecolar.com.br\/index.php?rest_route=\/wp\/v2\/pages\/347\/revisions\/1319"}],"wp:featuredmedia":[{"embeddable":true,"href":"https:\/\/colegioecolar.com.br\/index.php?rest_route=\/wp\/v2\/media\/61"}],"wp:attachment":[{"href":"https:\/\/colegioecolar.com.br\/index.php?rest_route=%2Fwp%2Fv2%2Fmedia&parent=347"}],"curies":[{"name":"wp","href":"https:\/\/api.w.org\/{rel}","templated":true}]}}