{"id":498,"date":"2023-11-28T09:28:44","date_gmt":"2023-11-28T12:28:44","guid":{"rendered":"https:\/\/colegioecolar.com.br\/?page_id=498"},"modified":"2024-01-13T11:31:30","modified_gmt":"2024-01-13T14:31:30","slug":"familia-e-colegio","status":"publish","type":"page","link":"https:\/\/colegioecolar.com.br\/?page_id=498","title":{"rendered":"Fam\u00edlia e Col\u00e9gio"},"content":{"rendered":"\t\t<div data-elementor-type=\"wp-page\" data-elementor-id=\"498\" class=\"elementor elementor-498\" data-elementor-post-type=\"page\">\n\t\t\t\t<div class=\"elementor-element elementor-element-6ea82f7a e-flex e-con-boxed e-con e-parent\" data-id=\"6ea82f7a\" data-element_type=\"container\" data-settings=\"{&quot;background_background&quot;:&quot;classic&quot;,&quot;content_width&quot;:&quot;boxed&quot;}\" data-core-v316-plus=\"true\">\n\t\t\t\t\t<div class=\"e-con-inner\">\n\t\t\t\t\t<\/div>\n\t\t\t\t<\/div>\n\t\t<div class=\"elementor-element elementor-element-89e446b e-flex e-con-boxed e-con e-parent\" data-id=\"89e446b\" data-element_type=\"container\" data-settings=\"{&quot;content_width&quot;:&quot;boxed&quot;}\" data-core-v316-plus=\"true\">\n\t\t\t\t\t<div class=\"e-con-inner\">\n\t\t\t\t<div class=\"elementor-element elementor-element-e45c6b2 elementor-widget elementor-widget-text-editor\" data-id=\"e45c6b2\" data-element_type=\"widget\" data-widget_type=\"text-editor.default\">\n\t\t\t\t<div class=\"elementor-widget-container\">\n\t\t\t<style>\/*! elementor - v3.19.0 - 07-02-2024 *\/\n.elementor-widget-text-editor.elementor-drop-cap-view-stacked .elementor-drop-cap{background-color:#69727d;color:#fff}.elementor-widget-text-editor.elementor-drop-cap-view-framed .elementor-drop-cap{color:#69727d;border:3px solid;background-color:transparent}.elementor-widget-text-editor:not(.elementor-drop-cap-view-default) .elementor-drop-cap{margin-top:8px}.elementor-widget-text-editor:not(.elementor-drop-cap-view-default) .elementor-drop-cap-letter{width:1em;height:1em}.elementor-widget-text-editor .elementor-drop-cap{float:left;text-align:center;line-height:1;font-size:50px}.elementor-widget-text-editor .elementor-drop-cap-letter{display:inline-block}<\/style>\t\t\t\t<p>A participa\u00e7\u00e3o ativa e cooperativa da fam\u00edlia \u00e9 essencial para o desenvolvimento das crian\u00e7as, estabelecendo uma parceria de confian\u00e7a e respeito com a institui\u00e7\u00e3o. O Col\u00e9gio Ecolar reconhece essa import\u00e2ncia e mant\u00e9m um canal aberto de comunica\u00e7\u00e3o, promovendo um ambiente prop\u00edcio para o compartilhamento de informa\u00e7\u00f5es e solu\u00e7\u00e3o de d\u00favidas.<\/p><p>Para facilitar essa participa\u00e7\u00e3o, o Col\u00e9gio Ecolar adota o uso de uma agenda di\u00e1ria eletr\u00f4nica, proporcionando uma forma pr\u00e1tica e \u00e1gil de acompanhar as atividades e progresso acad\u00eamico dos estudantes. Os\u00a0 pais podem, com essa ferramenta, estar mais presentes no cotidiano escolar de seus filhos, contribuindo de maneira mais efetiva para o seu crescimento e aprendizado.<\/p><p>Assim, a institui\u00e7\u00e3o reafirma o compromisso em fortalecer a parceria com as fam\u00edlias, visando sempre o bem-estar e o sucesso educacional das crian\u00e7as, proporcionando um ambiente enriquecedor para a forma\u00e7\u00e3o integral de cada aluno.<\/p>\t\t\t\t\t\t<\/div>\n\t\t\t\t<\/div>\n\t\t\t\t\t<\/div>\n\t\t\t\t<\/div>\n\t\t\t\t<\/div>\n\t\t","protected":false},"excerpt":{"rendered":"<p>A participa\u00e7\u00e3o ativa e cooperativa da fam\u00edlia \u00e9 essencial para o desenvolvimento das crian\u00e7as, estabelecendo uma parceria de confian\u00e7a e respeito com a institui\u00e7\u00e3o. O Col\u00e9gio Ecolar reconhece essa import\u00e2ncia e mant\u00e9m um canal aberto de comunica\u00e7\u00e3o, promovendo um ambiente prop\u00edcio para o compartilhamento de informa\u00e7\u00f5es e solu\u00e7\u00e3o de d\u00favidas. Para facilitar essa participa\u00e7\u00e3o, o [&hellip;]<\/p>\n","protected":false},"author":5,"featured_media":0,"parent":0,"menu_order":0,"comment_status":"closed","ping_status":"closed","template":"elementor_header_footer","meta":{"footnotes":""},"class_list":["post-498","page","type-page","status-publish","hentry"],"_links":{"self":[{"href":"https:\/\/colegioecolar.com.br\/index.php?rest_route=\/wp\/v2\/pages\/498","targetHints":{"allow":["GET"]}}],"collection":[{"href":"https:\/\/colegioecolar.com.br\/index.php?rest_route=\/wp\/v2\/pages"}],"about":[{"href":"https:\/\/colegioecolar.com.br\/index.php?rest_route=\/wp\/v2\/types\/page"}],"author":[{"embeddable":true,"href":"https:\/\/colegioecolar.com.br\/index.php?rest_route=\/wp\/v2\/users\/5"}],"replies":[{"embeddable":true,"href":"https:\/\/colegioecolar.com.br\/index.php?rest_route=%2Fwp%2Fv2%2Fcomments&post=498"}],"version-history":[{"count":22,"href":"https:\/\/colegioecolar.com.br\/index.php?rest_route=\/wp\/v2\/pages\/498\/revisions"}],"predecessor-version":[{"id":1340,"href":"https:\/\/colegioecolar.com.br\/index.php?rest_route=\/wp\/v2\/pages\/498\/revisions\/1340"}],"wp:attachment":[{"href":"https:\/\/colegioecolar.com.br\/index.php?rest_route=%2Fwp%2Fv2%2Fmedia&parent=498"}],"curies":[{"name":"wp","href":"https:\/\/api.w.org\/{rel}","templated":true}]}}