{"id":687,"date":"2023-11-28T14:31:19","date_gmt":"2023-11-28T17:31:19","guid":{"rendered":"https:\/\/colegioecolar.com.br\/?page_id=687"},"modified":"2024-01-13T11:27:58","modified_gmt":"2024-01-13T14:27:58","slug":"metodologia-e-avaliacao-colegio-ecolar","status":"publish","type":"page","link":"https:\/\/colegioecolar.com.br\/?page_id=687","title":{"rendered":"Metodologia e Avalia\u00e7\u00e3o"},"content":{"rendered":"\t\t<div data-elementor-type=\"wp-page\" data-elementor-id=\"687\" class=\"elementor elementor-687\" data-elementor-post-type=\"page\">\n\t\t\t\t<div class=\"elementor-element elementor-element-4ddb9a5f e-flex e-con-boxed e-con e-parent\" data-id=\"4ddb9a5f\" data-element_type=\"container\" data-settings=\"{&quot;background_background&quot;:&quot;classic&quot;,&quot;content_width&quot;:&quot;boxed&quot;}\" data-core-v316-plus=\"true\">\n\t\t\t\t\t<div class=\"e-con-inner\">\n\t\t\t\t\t<\/div>\n\t\t\t\t<\/div>\n\t\t<div class=\"elementor-element elementor-element-1e55038 e-flex e-con-boxed e-con e-parent\" data-id=\"1e55038\" data-element_type=\"container\" data-settings=\"{&quot;content_width&quot;:&quot;boxed&quot;}\" data-core-v316-plus=\"true\">\n\t\t\t\t\t<div class=\"e-con-inner\">\n\t\t\t\t<div class=\"elementor-element elementor-element-93f23c9 elementor-widget elementor-widget-text-editor\" data-id=\"93f23c9\" data-element_type=\"widget\" data-widget_type=\"text-editor.default\">\n\t\t\t\t<div class=\"elementor-widget-container\">\n\t\t\t<style>\/*! elementor - v3.19.0 - 07-02-2024 *\/\n.elementor-widget-text-editor.elementor-drop-cap-view-stacked .elementor-drop-cap{background-color:#69727d;color:#fff}.elementor-widget-text-editor.elementor-drop-cap-view-framed .elementor-drop-cap{color:#69727d;border:3px solid;background-color:transparent}.elementor-widget-text-editor:not(.elementor-drop-cap-view-default) .elementor-drop-cap{margin-top:8px}.elementor-widget-text-editor:not(.elementor-drop-cap-view-default) .elementor-drop-cap-letter{width:1em;height:1em}.elementor-widget-text-editor .elementor-drop-cap{float:left;text-align:center;line-height:1;font-size:50px}.elementor-widget-text-editor .elementor-drop-cap-letter{display:inline-block}<\/style>\t\t\t\t<p>A proposta pedag\u00f3gica do <strong>Col\u00e9gio Ecolar<\/strong> parte do princ\u00edpio estabelecido no socioconstrutivismo, adotando como metodologia a participa\u00e7\u00e3o ativa dos estudantes, estimulando a constru\u00e7\u00e3o do conhecimento de forma colaborativa e aut\u00f4noma, preparando os alunos para enfrentar desafios e contribuir de forma positiva para a sociedade.<\/p><p>Na abordagem socioconstrutivista, a avalia\u00e7\u00e3o \u00e9 vista como um processo cont\u00ednuo, que ocorre durante todo o per\u00edodo em que a crian\u00e7a est\u00e1 no col\u00e9gio, e n\u00e3o apenas como um evento isolado no final do ano letivo. Isso significa que o acompanhamento e o registro das atividades, intera\u00e7\u00f5es e progressos do aluno s\u00e3o fundamentais para entender como ele est\u00e1 se desenvolvendo e o que pode ser feito para apoi\u00e1-lo em seu processo de aprendizagem.<\/p><p>Com um olhar singular \u00e0s crian\u00e7as 01 a 10 anos, \u00e9 articulada a a\u00e7\u00e3o educativa com a forma\u00e7\u00e3o cidad\u00e3, com respeito \u00e0 inf\u00e2ncia e o cuidado com o pr\u00f3ximo, este como algo indissoci\u00e1vel ao processo educativo, balizando a conduta dos profissionais desse col\u00e9gio.<\/p>\t\t\t\t\t\t<\/div>\n\t\t\t\t<\/div>\n\t\t\t\t\t<\/div>\n\t\t\t\t<\/div>\n\t\t<div class=\"elementor-element elementor-element-4989a61 e-flex e-con-boxed e-con e-parent\" data-id=\"4989a61\" data-element_type=\"container\" data-settings=\"{&quot;content_width&quot;:&quot;boxed&quot;}\" data-core-v316-plus=\"true\">\n\t\t\t\t\t<div class=\"e-con-inner\">\n\t\t<div class=\"elementor-element elementor-element-3b28eb4 e-con-full e-flex e-con e-child\" data-id=\"3b28eb4\" data-element_type=\"container\" data-settings=\"{&quot;content_width&quot;:&quot;full&quot;}\">\n\t\t\t\t<div class=\"elementor-element elementor-element-5cf7d05 elementor-position-right elementor-vertical-align-middle elementor-widget elementor-widget-image-box\" data-id=\"5cf7d05\" data-element_type=\"widget\" data-widget_type=\"image-box.default\">\n\t\t\t\t<div class=\"elementor-widget-container\">\n\t\t\t<style>\/*! elementor - v3.19.0 - 07-02-2024 *\/\n.elementor-widget-image-box .elementor-image-box-content{width:100%}@media (min-width:768px){.elementor-widget-image-box.elementor-position-left .elementor-image-box-wrapper,.elementor-widget-image-box.elementor-position-right .elementor-image-box-wrapper{display:flex}.elementor-widget-image-box.elementor-position-right .elementor-image-box-wrapper{text-align:right;flex-direction:row-reverse}.elementor-widget-image-box.elementor-position-left .elementor-image-box-wrapper{text-align:left;flex-direction:row}.elementor-widget-image-box.elementor-position-top .elementor-image-box-img{margin:auto}.elementor-widget-image-box.elementor-vertical-align-top .elementor-image-box-wrapper{align-items:flex-start}.elementor-widget-image-box.elementor-vertical-align-middle .elementor-image-box-wrapper{align-items:center}.elementor-widget-image-box.elementor-vertical-align-bottom .elementor-image-box-wrapper{align-items:flex-end}}@media (max-width:767px){.elementor-widget-image-box .elementor-image-box-img{margin-left:auto!important;margin-right:auto!important;margin-bottom:15px}}.elementor-widget-image-box .elementor-image-box-img{display:inline-block}.elementor-widget-image-box .elementor-image-box-title a{color:inherit}.elementor-widget-image-box .elementor-image-box-wrapper{text-align:center}.elementor-widget-image-box .elementor-image-box-description{margin:0}<\/style><div class=\"elementor-image-box-wrapper\"><figure class=\"elementor-image-box-img\"><img fetchpriority=\"high\" decoding=\"async\" width=\"768\" height=\"1024\" src=\"https:\/\/colegioecolar.com.br\/wp-content\/uploads\/2023\/11\/metodologia_infantil.jpeg\" class=\"attachment-full size-full wp-image-697\" alt=\"\" srcset=\"https:\/\/colegioecolar.com.br\/wp-content\/uploads\/2023\/11\/metodologia_infantil.jpeg 768w, https:\/\/colegioecolar.com.br\/wp-content\/uploads\/2023\/11\/metodologia_infantil-225x300.jpeg 225w\" sizes=\"(max-width: 768px) 100vw, 768px\" \/><\/figure><div class=\"elementor-image-box-content\"><h3 class=\"elementor-image-box-title\">Educa\u00e7\u00e3o Infantil<\/h3><p class=\"elementor-image-box-description\">Na educa\u00e7\u00e3o infantil, a avalia\u00e7\u00e3o \u00e9 um processo fundamental que permite entender o desenvolvimento e as conquistas das crian\u00e7as ao longo do tempo, e os relat\u00f3rios s\u00e3o uma das formas de documentar e comunicar essas informa\u00e7\u00f5es. As fam\u00edlias da Educa\u00e7\u00e3o Infantil recebem as informa\u00e7\u00f5es em dois momentos, na avalia\u00e7\u00e3o do 1\u00ba semestre e na avalia\u00e7\u00e3o do 2\u00ba semestre.<\/p><\/div><\/div>\t\t<\/div>\n\t\t\t\t<\/div>\n\t\t\t\t<\/div>\n\t\t<div class=\"elementor-element elementor-element-8fe559d e-con-full e-flex e-con e-child\" data-id=\"8fe559d\" data-element_type=\"container\" data-settings=\"{&quot;content_width&quot;:&quot;full&quot;}\">\n\t\t\t\t<div class=\"elementor-element elementor-element-24f5b7e elementor-position-left elementor-vertical-align-middle elementor-widget elementor-widget-image-box\" data-id=\"24f5b7e\" data-element_type=\"widget\" data-widget_type=\"image-box.default\">\n\t\t\t\t<div class=\"elementor-widget-container\">\n\t\t\t<div class=\"elementor-image-box-wrapper\"><figure class=\"elementor-image-box-img\"><img decoding=\"async\" width=\"768\" height=\"1024\" src=\"https:\/\/colegioecolar.com.br\/wp-content\/uploads\/2023\/11\/metodologia_fundamental1.jpeg\" class=\"attachment-full size-full wp-image-696\" alt=\"\" srcset=\"https:\/\/colegioecolar.com.br\/wp-content\/uploads\/2023\/11\/metodologia_fundamental1.jpeg 768w, https:\/\/colegioecolar.com.br\/wp-content\/uploads\/2023\/11\/metodologia_fundamental1-225x300.jpeg 225w\" sizes=\"(max-width: 768px) 100vw, 768px\" \/><\/figure><div class=\"elementor-image-box-content\"><h3 class=\"elementor-image-box-title\">Ensino Fundamental 1<\/h3><p class=\"elementor-image-box-description\">No ensino fundamental \u00e9 aplicada a modalidade de avalia\u00e7\u00e3o formativa (processual), procurando assegurar a preval\u00eancia de aspectos qualitativos sobre os quantitativos. O Col\u00e9gio Ecolar adota como instrumento para este tipo de avalia\u00e7\u00e3o, o Registro Individual do Desenvolvimento do Aluno (RIDA). Os familiares acompanham o desenvolvimento dos(as) filhos(as) por meio das diferentes produ\u00e7\u00f5es realizadas em classe e em casa, da participa\u00e7\u00e3o nos eventos e momentos de socializa\u00e7\u00e3o de conhecimentos, dos registros da avalia\u00e7\u00e3o das metas enviados aos familiares, no final do I, II e III trimestre.<\/p><\/div><\/div>\t\t<\/div>\n\t\t\t\t<\/div>\n\t\t\t\t<\/div>\n\t\t\t\t\t<\/div>\n\t\t\t\t<\/div>\n\t\t\t\t<\/div>\n\t\t","protected":false},"excerpt":{"rendered":"<p>A proposta pedag\u00f3gica do Col\u00e9gio Ecolar parte do princ\u00edpio estabelecido no socioconstrutivismo, adotando como metodologia a participa\u00e7\u00e3o ativa dos estudantes, estimulando a constru\u00e7\u00e3o do conhecimento de forma colaborativa e aut\u00f4noma, preparando os alunos para enfrentar desafios e contribuir de forma positiva para a sociedade. Na abordagem socioconstrutivista, a avalia\u00e7\u00e3o \u00e9 vista como um processo cont\u00ednuo, [&hellip;]<\/p>\n","protected":false},"author":5,"featured_media":0,"parent":0,"menu_order":0,"comment_status":"closed","ping_status":"closed","template":"elementor_header_footer","meta":{"footnotes":""},"class_list":["post-687","page","type-page","status-publish","hentry"],"_links":{"self":[{"href":"https:\/\/colegioecolar.com.br\/index.php?rest_route=\/wp\/v2\/pages\/687","targetHints":{"allow":["GET"]}}],"collection":[{"href":"https:\/\/colegioecolar.com.br\/index.php?rest_route=\/wp\/v2\/pages"}],"about":[{"href":"https:\/\/colegioecolar.com.br\/index.php?rest_route=\/wp\/v2\/types\/page"}],"author":[{"embeddable":true,"href":"https:\/\/colegioecolar.com.br\/index.php?rest_route=\/wp\/v2\/users\/5"}],"replies":[{"embeddable":true,"href":"https:\/\/colegioecolar.com.br\/index.php?rest_route=%2Fwp%2Fv2%2Fcomments&post=687"}],"version-history":[{"count":43,"href":"https:\/\/colegioecolar.com.br\/index.php?rest_route=\/wp\/v2\/pages\/687\/revisions"}],"predecessor-version":[{"id":1325,"href":"https:\/\/colegioecolar.com.br\/index.php?rest_route=\/wp\/v2\/pages\/687\/revisions\/1325"}],"wp:attachment":[{"href":"https:\/\/colegioecolar.com.br\/index.php?rest_route=%2Fwp%2Fv2%2Fmedia&parent=687"}],"curies":[{"name":"wp","href":"https:\/\/api.w.org\/{rel}","templated":true}]}}